{"id":62,"date":"2025-07-17T13:15:52","date_gmt":"2025-07-17T11:15:52","guid":{"rendered":"https:\/\/polideportivodonbosco.com\/novedades\/?page_id=62"},"modified":"2025-07-18T13:27:33","modified_gmt":"2025-07-18T11:27:33","slug":"62-2","status":"publish","type":"page","link":"https:\/\/polideportivodonbosco.com\/novedades\/62-2\/","title":{"rendered":"Inscr\u00edbete"},"content":{"rendered":"\n<h2 class=\"wp-block-heading\">Inscr\u00edbete<\/h2>\n\n\n\n<div class=\"wp-block-group alignfull has-background has-global-padding is-layout-constrained wp-block-group-is-layout-constrained\" style=\"background:linear-gradient(135deg,rgb(255,245,203) 0%,rgb(182,227,212) 23%,rgb(51,167,181) 100%)\">\n<div class=\"wp-block-columns is-layout-flex wp-container-core-columns-is-layout-28f84493 wp-block-columns-is-layout-flex\">\n<div class=\"wp-block-column is-layout-flow wp-block-column-is-layout-flow\"><div class=\"wpforms-container wpforms-container-full wpforms-render-modern\" id=\"wpforms-16\"><form id=\"wpforms-form-16\" class=\"wpforms-validate wpforms-form wpforms-ajax-form\" data-formid=\"16\" method=\"post\" enctype=\"multipart\/form-data\" action=\"\/novedades\/wp-json\/wp\/v2\/pages\/62\" data-token=\"23679c03ebb672da22b331c13ac982b9\" data-token-time=\"1777214375\"><noscript class=\"wpforms-error-noscript\">Por favor, activa JavaScript en tu navegador para completar este formulario.<\/noscript><div id=\"wpforms-error-noscript\" style=\"display: none;\">Por favor, activa JavaScript en tu navegador para completar este formulario.<\/div><div class=\"wpforms-field-container\"><div id=\"wpforms-16-field_1-container\" class=\"wpforms-field wpforms-field-name\" data-field-id=\"1\"><fieldset><legend class=\"wpforms-field-label\">Nombre (Alumno) <span class=\"wpforms-required-label\" aria-hidden=\"true\">*<\/span><\/legend><div class=\"wpforms-field-row wpforms-field-medium\"><div class=\"wpforms-field-row-block wpforms-first wpforms-one-half\"><input type=\"text\" id=\"wpforms-16-field_1\" class=\"wpforms-field-name-first wpforms-field-required\" name=\"wpforms[fields][1][first]\" aria-errormessage=\"wpforms-16-field_1-error\" required><label for=\"wpforms-16-field_1\" class=\"wpforms-field-sublabel after\">Nombre<\/label><\/div><div class=\"wpforms-field-row-block wpforms-one-half\"><input type=\"text\" id=\"wpforms-16-field_1-last\" class=\"wpforms-field-name-last wpforms-field-required\" name=\"wpforms[fields][1][last]\" aria-errormessage=\"wpforms-16-field_1-last-error\" required><label for=\"wpforms-16-field_1-last\" class=\"wpforms-field-sublabel after\">Apellidos<\/label><\/div><\/div><\/fieldset><\/div><div id=\"wpforms-16-field_16-container\" class=\"wpforms-field wpforms-field-number\" data-field-id=\"16\"><label class=\"wpforms-field-label\" for=\"wpforms-16-field_16\">A\u00f1o de Nacimiento <span class=\"wpforms-required-label\" aria-hidden=\"true\">*<\/span><\/label><input type=\"number\" id=\"wpforms-16-field_16\" class=\"wpforms-field-medium wpforms-field-required\" name=\"wpforms[fields][16]\" step=\"any\" aria-errormessage=\"wpforms-16-field_16-error\" required><\/div><div id=\"wpforms-16-field_2-container\" class=\"wpforms-field wpforms-field-email\" data-field-id=\"2\"><label class=\"wpforms-field-label\" for=\"wpforms-16-field_2\">Correo electr\u00f3nico(Tutor) <span class=\"wpforms-required-label\" aria-hidden=\"true\">*<\/span><\/label><input type=\"email\" id=\"wpforms-16-field_2\" class=\"wpforms-field-medium wpforms-field-required\" name=\"wpforms[fields][2]\" spellcheck=\"false\" aria-errormessage=\"wpforms-16-field_2-error\" required><\/div><div id=\"wpforms-16-field_6-container\" class=\"wpforms-field wpforms-field-number\" data-field-id=\"6\"><label class=\"wpforms-field-label\" for=\"wpforms-16-field_6\">Tel\u00e9fono(Tutor) <span class=\"wpforms-required-label\" aria-hidden=\"true\">*<\/span><\/label><input type=\"number\" id=\"wpforms-16-field_6\" class=\"wpforms-field-medium wpforms-field-required\" name=\"wpforms[fields][6]\" step=\"any\" aria-errormessage=\"wpforms-16-field_6-error\" required><\/div><div id=\"wpforms-16-field_7-container\" class=\"wpforms-field wpforms-field-checkbox\" data-field-id=\"7\"><fieldset><legend class=\"wpforms-field-label\">Semana 1\u00aa<\/legend><ul id=\"wpforms-16-field_7\"><li class=\"choice-1 depth-1\"><input type=\"checkbox\" id=\"wpforms-16-field_7_1\" name=\"wpforms[fields][7][]\" value=\"01\/09\/25 hasta 05\/09\/25 Septiembre\" aria-errormessage=\"wpforms-16-field_7_1-error\"  ><label class=\"wpforms-field-label-inline\" for=\"wpforms-16-field_7_1\">01\/09\/25 hasta 05\/09\/25 Septiembre<\/label><\/li><\/ul><\/fieldset><\/div><div id=\"wpforms-16-field_8-container\" class=\"wpforms-field wpforms-field-checkbox\" data-field-id=\"8\"><fieldset><legend class=\"wpforms-field-label\">Semana 2\u00aa<\/legend><ul id=\"wpforms-16-field_8\"><li class=\"choice-1 depth-1\"><input type=\"checkbox\" id=\"wpforms-16-field_8_1\" name=\"wpforms[fields][8][]\" value=\"08\/09\/25 hasta 09\/09\/25 Septiembre\" aria-errormessage=\"wpforms-16-field_8_1-error\"  ><label class=\"wpforms-field-label-inline\" for=\"wpforms-16-field_8_1\">08\/09\/25 hasta 09\/09\/25 Septiembre<\/label><\/li><\/ul><\/fieldset><\/div><div id=\"wpforms-16-field_9-container\" class=\"wpforms-field wpforms-field-checkbox\" data-field-id=\"9\"><fieldset><legend class=\"wpforms-field-label\">Semana 3\u00aa<\/legend><ul id=\"wpforms-16-field_9\"><li class=\"choice-1 depth-1\"><input type=\"checkbox\" id=\"wpforms-16-field_9_1\" name=\"wpforms[fields][9][]\" value=\"NO DISPONIBLE\" aria-errormessage=\"wpforms-16-field_9_1-error\"  ><label class=\"wpforms-field-label-inline\" for=\"wpforms-16-field_9_1\">NO DISPONIBLE<\/label><\/li><\/ul><\/fieldset><\/div><div id=\"wpforms-16-field_11-container\" class=\"wpforms-field wpforms-field-checkbox\" data-field-id=\"11\"><fieldset><legend class=\"wpforms-field-label\">Semana 4\u00aa<\/legend><ul id=\"wpforms-16-field_11\"><li class=\"choice-1 depth-1\"><input type=\"checkbox\" id=\"wpforms-16-field_11_1\" name=\"wpforms[fields][11][]\" value=\"NO DISPONIBLE\" aria-errormessage=\"wpforms-16-field_11_1-error\"  ><label class=\"wpforms-field-label-inline\" for=\"wpforms-16-field_11_1\">NO DISPONIBLE<\/label><\/li><\/ul><\/fieldset><\/div><div id=\"wpforms-16-field_12-container\" class=\"wpforms-field wpforms-field-checkbox\" data-field-id=\"12\"><fieldset><legend class=\"wpforms-field-label\">Semana 5\u00aa<\/legend><ul id=\"wpforms-16-field_12\"><li class=\"choice-1 depth-1\"><input type=\"checkbox\" id=\"wpforms-16-field_12_1\" name=\"wpforms[fields][12][]\" value=\"NO DISPONIBLE\" aria-errormessage=\"wpforms-16-field_12_1-error\"  ><label class=\"wpforms-field-label-inline\" for=\"wpforms-16-field_12_1\">NO DISPONIBLE<\/label><\/li><\/ul><\/fieldset><\/div>\t\t<div id=\"wpforms-16-field_4-container\"\n\t\t\tclass=\"wpforms-field wpforms-field-text\"\n\t\t\tdata-field-type=\"text\"\n\t\t\tdata-field-id=\"4\"\n\t\t\t>\n\t\t\t<label class=\"wpforms-field-label\" for=\"wpforms-16-field_4\" >1\u00aa Semana 5\u00aa<\/label>\n\t\t\t<input type=\"text\" id=\"wpforms-16-field_4\" class=\"wpforms-field-medium\" name=\"wpforms[fields][4]\" >\n\t\t<\/div>\n\t\t<div id=\"wpforms-16-field_13-container\" class=\"wpforms-field wpforms-field-checkbox wpforms-list-inline\" data-field-id=\"13\"><fieldset><legend class=\"wpforms-field-label\">Extras<\/legend><ul id=\"wpforms-16-field_13\" class=\"wpforms-icon-choices wpforms-icon-choices-modern wpforms-icon-choices-small\" style=\"--wpforms-icon-choices-color: #066aab;\"><li class=\"choice-1 depth-1 wpforms-icon-choices-item\"><label class=\"wpforms-field-label-inline\" for=\"wpforms-16-field_13_1\">\n\t\t\t\t<span class=\"wpforms-icon-choices-icon\">\n\t\t\t\t\t<svg xmlns=\"http:\/\/www.w3.org\/2000\/svg\" width=\"40\" height=\"32px\" viewBox=\"0 0 576 512\"><!--! Font Awesome Free 6.4.0 by @fontawesome - https:\/\/fontawesome.com License - https:\/\/fontawesome.com\/license\/free (Icons: CC BY 4.0, Fonts: SIL OFL 1.1, Code: MIT License) Copyright 2023 Fonticons, Inc. --><path d=\"M287.9 0c9.2 0 17.6 5.2 21.6 13.5l68.6 141.3 153.2 22.6c9 1.3 16.5 7.6 19.3 16.3s.5 18.1-5.9 24.5L433.6 328.4l26.2 155.6c1.5 9-2.2 18.1-9.6 23.5s-17.3 6-25.3 1.7l-137-73.2L151 509.1c-8.1 4.3-17.9 3.7-25.3-1.7s-11.2-14.5-9.7-23.5l26.2-155.6L31.1 218.2c-6.5-6.4-8.7-15.9-5.9-24.5s10.3-14.9 19.3-16.3l153.2-22.6L266.3 13.5C270.4 5.2 278.7 0 287.9 0zm0 79L235.4 187.2c-3.5 7.1-10.2 12.1-18.1 13.3L99 217.9 184.9 303c5.5 5.5 8.1 13.3 6.8 21L171.4 443.7l105.2-56.2c7.1-3.8 15.6-3.8 22.6 0l105.2 56.2L384.2 324.1c-1.3-7.7 1.2-15.5 6.8-21l85.9-85.1L358.6 200.5c-7.8-1.2-14.6-6.1-18.1-13.3L287.9 79z\"\/><\/svg>\n\t\t\t\t\t<span class=\"wpforms-icon-choices-icon-bg\"><\/span>\n\t\t\t\t<\/span>\n\t\t\t\t<input type=\"checkbox\" id=\"wpforms-16-field_13_1\" class=\"wpforms-screen-reader-element\" name=\"wpforms[fields][13][]\" value=\"Aula Matinal (3\u20ac)\" aria-errormessage=\"wpforms-16-field_13_1-error\"  >\n\t\t\t\t<span class=\"wpforms-icon-choices-label\">Aula Matinal (3\u20ac)<\/span>\n\t\t\t<\/label><\/li><li class=\"choice-2 depth-1 wpforms-icon-choices-item\"><label class=\"wpforms-field-label-inline\" for=\"wpforms-16-field_13_2\">\n\t\t\t\t<span class=\"wpforms-icon-choices-icon\">\n\t\t\t\t\t<svg xmlns=\"http:\/\/www.w3.org\/2000\/svg\" width=\"40\" height=\"32px\" viewBox=\"0 0 576 512\"><!--! Font Awesome Free 6.4.0 by @fontawesome - https:\/\/fontawesome.com License - https:\/\/fontawesome.com\/license\/free (Icons: CC BY 4.0, Fonts: SIL OFL 1.1, Code: MIT License) Copyright 2023 Fonticons, Inc. --><path d=\"M287.9 0c9.2 0 17.6 5.2 21.6 13.5l68.6 141.3 153.2 22.6c9 1.3 16.5 7.6 19.3 16.3s.5 18.1-5.9 24.5L433.6 328.4l26.2 155.6c1.5 9-2.2 18.1-9.6 23.5s-17.3 6-25.3 1.7l-137-73.2L151 509.1c-8.1 4.3-17.9 3.7-25.3-1.7s-11.2-14.5-9.7-23.5l26.2-155.6L31.1 218.2c-6.5-6.4-8.7-15.9-5.9-24.5s10.3-14.9 19.3-16.3l153.2-22.6L266.3 13.5C270.4 5.2 278.7 0 287.9 0zm0 79L235.4 187.2c-3.5 7.1-10.2 12.1-18.1 13.3L99 217.9 184.9 303c5.5 5.5 8.1 13.3 6.8 21L171.4 443.7l105.2-56.2c7.1-3.8 15.6-3.8 22.6 0l105.2 56.2L384.2 324.1c-1.3-7.7 1.2-15.5 6.8-21l85.9-85.1L358.6 200.5c-7.8-1.2-14.6-6.1-18.1-13.3L287.9 79z\"\/><\/svg>\n\t\t\t\t\t<span class=\"wpforms-icon-choices-icon-bg\"><\/span>\n\t\t\t\t<\/span>\n\t\t\t\t<input type=\"checkbox\" id=\"wpforms-16-field_13_2\" class=\"wpforms-screen-reader-element\" name=\"wpforms[fields][13][]\" value=\"Aula L\u00fadica (3\u20ac)\" aria-errormessage=\"wpforms-16-field_13_2-error\"  >\n\t\t\t\t<span class=\"wpforms-icon-choices-label\">Aula L\u00fadica (3\u20ac)<\/span>\n\t\t\t<\/label><\/li><\/ul><\/fieldset><\/div><div id=\"wpforms-16-field_3-container\" class=\"wpforms-field wpforms-field-textarea\" data-field-id=\"3\"><label class=\"wpforms-field-label\" for=\"wpforms-16-field_3\">Comentarios (enfermedades, alergias...)<\/label><textarea id=\"wpforms-16-field_3\" class=\"wpforms-field-medium\" name=\"wpforms[fields][3]\" aria-errormessage=\"wpforms-16-field_3-error\" ><\/textarea><\/div><script>\n\t\t\t\t( function() {\n\t\t\t\t\tconst style = document.createElement( 'style' );\n\t\t\t\t\tstyle.appendChild( document.createTextNode( '#wpforms-16-field_4-container { position: absolute !important; overflow: hidden !important; display: inline !important; height: 1px !important; width: 1px !important; z-index: -1000 !important; padding: 0 !important; } #wpforms-16-field_4-container input { visibility: hidden; } #wpforms-conversational-form-page #wpforms-16-field_4-container label { counter-increment: none; }' ) );\n\t\t\t\t\tdocument.head.appendChild( style );\n\t\t\t\t\tdocument.currentScript?.remove();\n\t\t\t\t} )();\n\t\t\t<\/script><\/div><!-- .wpforms-field-container --><div class=\"wpforms-submit-container\" ><input type=\"hidden\" name=\"wpforms[id]\" value=\"16\"><input type=\"hidden\" name=\"page_title\" value=\"\"><input type=\"hidden\" name=\"page_url\" value=\"https:\/\/polideportivodonbosco.com\/novedades\/wp-json\/wp\/v2\/pages\/62\"><input type=\"hidden\" name=\"url_referer\" value=\"\"><button type=\"submit\" name=\"wpforms[submit]\" id=\"wpforms-submit-16\" class=\"wpforms-submit\" data-alt-text=\"Enviando...\" data-submit-text=\"Enviar\" aria-live=\"assertive\" value=\"wpforms-submit\">Enviar<\/button><img loading=\"lazy\" decoding=\"async\" src=\"https:\/\/polideportivodonbosco.com\/novedades\/wp-content\/plugins\/wpforms-lite\/assets\/images\/submit-spin.svg\" class=\"wpforms-submit-spinner\" style=\"display: none;\" width=\"26\" height=\"26\" alt=\"Cargando\"><\/div><\/form><\/div>  <!-- .wpforms-container -->\n<\/div>\n<\/div>\n\n\n\n<p><strong><mark style=\"background-color:rgba(0, 0, 0, 0);color:#fa0101\" class=\"has-inline-color\">Nota:<\/mark><\/strong> El pago de la inscripci\u00f3n se realiza directamente en las instalaciones del campus, ya sea en efectivo o con tarjeta. No se realiza ning\u00fan cobro online.<\/p>\n\n\n\n<hr class=\"wp-block-separator has-alpha-channel-opacity\"\/>\n<\/div>\n\n\n\n<p><\/p>\n","protected":false},"excerpt":{"rendered":"<p>Inscr\u00edbete Nota: El pago de la inscripci\u00f3n se realiza directamente en las instalaciones del campus, ya sea en efectivo o con tarjeta. No se realiza ning\u00fan cobro online.<\/p>\n","protected":false},"author":1,"featured_media":0,"parent":0,"menu_order":0,"comment_status":"closed","ping_status":"closed","template":"","meta":{"footnotes":""},"class_list":["post-62","page","type-page","status-publish","hentry"],"_links":{"self":[{"href":"https:\/\/polideportivodonbosco.com\/novedades\/wp-json\/wp\/v2\/pages\/62","targetHints":{"allow":["GET"]}}],"collection":[{"href":"https:\/\/polideportivodonbosco.com\/novedades\/wp-json\/wp\/v2\/pages"}],"about":[{"href":"https:\/\/polideportivodonbosco.com\/novedades\/wp-json\/wp\/v2\/types\/page"}],"author":[{"embeddable":true,"href":"https:\/\/polideportivodonbosco.com\/novedades\/wp-json\/wp\/v2\/users\/1"}],"replies":[{"embeddable":true,"href":"https:\/\/polideportivodonbosco.com\/novedades\/wp-json\/wp\/v2\/comments?post=62"}],"version-history":[{"count":14,"href":"https:\/\/polideportivodonbosco.com\/novedades\/wp-json\/wp\/v2\/pages\/62\/revisions"}],"predecessor-version":[{"id":88,"href":"https:\/\/polideportivodonbosco.com\/novedades\/wp-json\/wp\/v2\/pages\/62\/revisions\/88"}],"wp:attachment":[{"href":"https:\/\/polideportivodonbosco.com\/novedades\/wp-json\/wp\/v2\/media?parent=62"}],"curies":[{"name":"wp","href":"https:\/\/api.w.org\/{rel}","templated":true}]}}